{"id":11,"date":"2026-02-28T20:31:25","date_gmt":"2026-02-28T13:31:25","guid":{"rendered":"https:\/\/everbuild.vn\/?page_id=11"},"modified":"2026-02-28T20:35:04","modified_gmt":"2026-02-28T13:35:04","slug":"home","status":"publish","type":"page","link":"https:\/\/everbuild.vn\/","title":{"rendered":"home"},"content":{"rendered":"\t\t<div data-elementor-type=\"wp-page\" data-elementor-id=\"11\" class=\"elementor elementor-11\">\n\t\t\t\t<div class=\"elementor-element elementor-element-b9ff32f e-flex e-con-boxed e-con e-parent\" data-id=\"b9ff32f\" data-element_type=\"container\" data-e-type=\"container\">\n\t\t\t\t\t<div class=\"e-con-inner\">\n\t\t\t\t<div class=\"elementor-element elementor-element-3092b1f elementor-widget elementor-widget-heading\" data-id=\"3092b1f\" data-element_type=\"widget\" data-e-type=\"widget\" data-widget_type=\"heading.default\">\n\t\t\t\t\t<h2 class=\"elementor-heading-title elementor-size-default\">Website \u0111ang trong qu\u00e1 tr\u00ecnh x\u00e2y d\u1ef1ng\n<br>Li\u00ean h\u1ec7 s\u1ed1 \u0111i\u1ec7n tho\u1ea1i: 0938030414\n<br>Email: info@everbuild.vn<\/h2>\t\t\t\t<\/div>\n\t\t\t\t\t<\/div>\n\t\t\t\t<\/div>\n\t\t\t\t<\/div>\n\t\t","protected":false},"excerpt":{"rendered":"<p>Website \u0111ang trong qu\u00e1 tr\u00ecnh x\u00e2y d\u1ef1ng Li\u00ean h\u1ec7 s\u1ed1 \u0111i\u1ec7n tho\u1ea1i: 0938030414 Email: info@everbuild.vn<\/p>\n","protected":false},"author":3,"featured_media":0,"parent":0,"menu_order":0,"comment_status":"closed","ping_status":"closed","template":"elementor_canvas","meta":{"footnotes":""},"class_list":["post-11","page","type-page","status-publish","hentry"],"_links":{"self":[{"href":"https:\/\/everbuild.vn\/index.php\/wp-json\/wp\/v2\/pages\/11","targetHints":{"allow":["GET"]}}],"collection":[{"href":"https:\/\/everbuild.vn\/index.php\/wp-json\/wp\/v2\/pages"}],"about":[{"href":"https:\/\/everbuild.vn\/index.php\/wp-json\/wp\/v2\/types\/page"}],"author":[{"embeddable":true,"href":"https:\/\/everbuild.vn\/index.php\/wp-json\/wp\/v2\/users\/3"}],"replies":[{"embeddable":true,"href":"https:\/\/everbuild.vn\/index.php\/wp-json\/wp\/v2\/comments?post=11"}],"version-history":[{"count":10,"href":"https:\/\/everbuild.vn\/index.php\/wp-json\/wp\/v2\/pages\/11\/revisions"}],"predecessor-version":[{"id":23,"href":"https:\/\/everbuild.vn\/index.php\/wp-json\/wp\/v2\/pages\/11\/revisions\/23"}],"wp:attachment":[{"href":"https:\/\/everbuild.vn\/index.php\/wp-json\/wp\/v2\/media?parent=11"}],"curies":[{"name":"wp","href":"https:\/\/api.w.org\/{rel}","templated":true}]}}